{"id":114,"date":"2019-11-01T18:33:57","date_gmt":"2019-11-01T17:33:57","guid":{"rendered":"https:\/\/francebusiness.net\/?page_id=114"},"modified":"2021-07-27T10:24:26","modified_gmt":"2021-07-27T08:24:26","slug":"front-page","status":"publish","type":"page","link":"https:\/\/francebusiness.net\/en\/","title":{"rendered":"Reception"},"content":{"rendered":"<div data-elementor-type=\"wp-page\" data-elementor-id=\"114\" class=\"elementor elementor-114\" data-elementor-settings=\"[]\">\n\t\t\t\t\t\t<div class=\"elementor-inner\">\n\t\t\t\t\t\t\t<div class=\"elementor-section-wrap\">\n\t\t\t\t\t\t\t<section class=\"elementor-section elementor-top-section elementor-element elementor-element-2a4ee15b elementor-section-boxed elementor-section-height-default elementor-section-height-default\" data-id=\"2a4ee15b\" data-element_type=\"section\">\n\t\t\t\t\t\t<div class=\"elementor-container elementor-column-gap-default\">\n\t\t\t\t\t\t\t<div class=\"elementor-row\">\n\t\t\t\t\t<div class=\"elementor-column elementor-col-100 elementor-top-column elementor-element elementor-element-2eb2f918\" data-id=\"2eb2f918\" data-element_type=\"column\">\n\t\t\t<div class=\"elementor-column-wrap elementor-element-populated\">\n\t\t\t\t\t\t\t<div class=\"elementor-widget-wrap\">\n\t\t\t\t\t\t<div class=\"elementor-element elementor-element-62962049 elementor-widget elementor-widget-text-editor\" data-id=\"62962049\" data-element_type=\"widget\" data-widget_type=\"text-editor.default\">\n\t\t\t\t<div class=\"elementor-widget-container\">\n\t\t\t\t\t<div class=\"elementor-text-editor elementor-clearfix\"><div id=\"travail\" class=\"about-images-right-section-mc content-section content-section-spacing\" style=\"background-color: #f5fafd;\" data-label=\"Notre travail\" data-id=\"about-images-right-section-mc\" data-export-id=\"about-images-right-section-mc\" data-bullets-visibility=\"true\" data-category=\"about\"><div class=\"gridContainer\"><div class=\"row middle-sm text-center\"><div class=\"col-sm-5 content-left-sm\" data-type=\"column\"><h5 class=\"\">Our Work<\/h5><h2 class=\"\">A new style of working in the business world !<\/h2><p class=\"\">The idea of \u200b\u200bstarting this company is the result of working in different companies, countries and cultures.<\/p><p>Our aim is to provide business services, develop business relationships between these different companies and create new investment opportunities locally and internationally.<\/p><p>We are working on creating new marketing methods to make work easier and save time and money.<\/p><p><br \/><br \/><\/p><\/div><div class=\"col-sm-7 space-bottom-xs\"><div class=\"image-group-side-3-img\"><p><img class=\"topimg shadow-large\" title=\"cropped-gestion-commerciale-2.jpg\" src=\"https:\/\/francebusiness.net\/wp-content\/uploads\/2019\/10\/cropped-gestion-commerciale-2.jpg\" alt=\"\" \/> <img class=\"rightimg shadow-large\" title=\"cropped-Pour-amener-commerciaux-depasser-entreprises-ont-tout-interet-stimuler-F-1.jpg\" src=\"https:\/\/francebusiness.net\/wp-content\/uploads\/2019\/10\/cropped-Pour-amener-commerciaux-depasser-entreprises-ont-tout-interet-stimuler-F-1.jpg\" alt=\"\" \/><\/p><div class=\"leftimg\"><img class=\"shadow-large\" title=\"cropped-Engagement-commercial.jpg\" src=\"https:\/\/francebusiness.net\/wp-content\/uploads\/2019\/10\/cropped-Engagement-commercial.jpg\" alt=\"\" \/><\/div><\/div><\/div><\/div><\/div><\/div><\/div>\n\t\t\t\t<\/div>\n\t\t\t\t<\/div>\n\t\t\t\t\t\t<\/div>\n\t\t\t\t\t<\/div>\n\t\t<\/div>\n\t\t\t\t\t\t\t\t<\/div>\n\t\t\t\t\t<\/div>\n\t\t<\/section>\n\t\t\t\t<section class=\"elementor-section elementor-top-section elementor-element elementor-element-dcb4daf elementor-section-boxed elementor-section-height-default elementor-section-height-default\" data-id=\"dcb4daf\" data-element_type=\"section\">\n\t\t\t\t\t\t<div class=\"elementor-container elementor-column-gap-default\">\n\t\t\t\t\t\t\t<div class=\"elementor-row\">\n\t\t\t\t\t<div class=\"elementor-column elementor-col-100 elementor-top-column elementor-element elementor-element-b389d48\" data-id=\"b389d48\" data-element_type=\"column\">\n\t\t\t<div class=\"elementor-column-wrap elementor-element-populated\">\n\t\t\t\t\t\t\t<div class=\"elementor-widget-wrap\">\n\t\t\t\t\t\t<div class=\"elementor-element elementor-element-12114ef elementor-widget elementor-widget-text-editor\" data-id=\"12114ef\" data-element_type=\"widget\" data-widget_type=\"text-editor.default\">\n\t\t\t\t<div class=\"elementor-widget-container\">\n\t\t\t\t\t<div class=\"elementor-text-editor elementor-clearfix\"><div id=\"notre-travail-1\" class=\"content-8-mc content-section content-section-spacing\" style=\"background-color: #f5fafd;\" data-label=\"Notre travail\" data-id=\"content--1\" data-export-id=\"content-8-mc\" data-category=\"content\"><div class=\"gridContainer\"><div class=\"row middle-sm\"><div class=\"col-sm-6\" style=\"text-align: left;\" data-type=\"column\"><img loading=\"lazy\" class=\"shadow-large alignleft\" title=\"Commercial\" src=\"https:\/\/francebusiness.net\/wp-content\/uploads\/2019\/10\/cropped-formationoutilcommercialjpeg_5a033b2fa64e6-1.jpeg\" alt=\"\" width=\"1596\" height=\"1066\" data-wp-editing=\"1\" \/><\/div><div class=\"col-sm-6\" data-type=\"column\"><p style=\"flex-basis: 100%;\"><span style=\"color: var( --e-global-color-text ); font-family: var( --e-global-typography-text-font-family ), Sans-serif; font-weight: var( --e-global-typography-text-font-weight );\">We establish communication between companies to obtain the best commercial offers.<\/span><\/p><p>Our job is to follow the business transactions defined in our contracts.<\/p><p>We follow the processes defined in the terms of the purchase, sale and shipping contract<\/p><p style=\"flex-basis: 100%;\"><span style=\"color: var( --e-global-color-text ); font-family: var( --e-global-typography-text-font-family ), Sans-serif; font-weight: var( --e-global-typography-text-font-weight );\">We are currently engaged in import, export and food products and always strive to work in other fields.<\/span><\/p><p style=\"flex-basis: 100%;\"><span style=\"color: var( --e-global-color-text ); font-family: var( --e-global-typography-text-font-family ), Sans-serif; font-weight: var( --e-global-typography-text-font-weight );\">We are always striving to expand into various activities.<\/span><\/p><p style=\"margin-bottom: 0px; flex-basis: 100%;\">France Business.<\/p><p><span style=\"color: var( --e-global-color-text ); font-family: var( --e-global-typography-text-font-family ), Sans-serif; font-weight: var( --e-global-typography-text-font-weight );\">Maximize your chances with us.<\/span><\/p><div class=\"col-sm-6\" data-type=\"column\">\u00a0<\/div><\/div><div class=\"col-sm-6\" data-type=\"column\">\u00a0<\/div><\/div><\/div><\/div><\/div>\n\t\t\t\t<\/div>\n\t\t\t\t<\/div>\n\t\t\t\t\t\t<\/div>\n\t\t\t\t\t<\/div>\n\t\t<\/div>\n\t\t\t\t\t\t\t\t<\/div>\n\t\t\t\t\t<\/div>\n\t\t<\/section>\n\t\t\t\t<section class=\"elementor-section elementor-top-section elementor-element elementor-element-17aba64 elementor-section-boxed elementor-section-height-default elementor-section-height-default\" data-id=\"17aba64\" data-element_type=\"section\">\n\t\t\t\t\t\t<div class=\"elementor-container elementor-column-gap-default\">\n\t\t\t\t\t\t\t<div class=\"elementor-row\">\n\t\t\t\t\t<div class=\"elementor-column elementor-col-100 elementor-top-column elementor-element elementor-element-26fbde6\" data-id=\"26fbde6\" data-element_type=\"column\">\n\t\t\t<div class=\"elementor-column-wrap elementor-element-populated\">\n\t\t\t\t\t\t\t<div class=\"elementor-widget-wrap\">\n\t\t\t\t\t\t<div class=\"elementor-element elementor-element-d8f3ddd elementor-widget elementor-widget-text-editor\" data-id=\"d8f3ddd\" data-element_type=\"widget\" data-widget_type=\"text-editor.default\">\n\t\t\t\t<div class=\"elementor-widget-container\">\n\t\t\t\t\t<div class=\"elementor-text-editor elementor-clearfix\"><div id=\"contact\" class=\"contact-1-mc content-section content-section-spacing white-text\" style=\"background-color: #ffffff;\" data-label=\"Contact\" data-id=\"contact-1-mc\" data-export-id=\"contact-1-mc\" data-bullets-visibility=\"true\" data-category=\"contact\" data-parallax-depth=\"20\"><div class=\"gridContainer\"><div class=\"row text-center\"><div class=\"section-title-col\" data-type=\"column\"><h6><span style=\"color: #000000;\">Contact us<\/span><\/h6><h6><span style=\"color: #000000;\">Keep in touch !<\/span><\/h6><h6 class=\"lead\"><span style=\"color: #000000;\">Mohamad HADDAD -  Commercial and Founder<\/span><\/h6><h6><span style=\"color: #000000;\">+33 (0)7 68 40 24 01<\/span><br \/><span style=\"color: #000000;\">contact@francebusiness.net<\/span><\/h6><h6><br \/><span style=\"color: #000000;\">\u2022<\/span><br \/><span style=\"color: #000000;\">Monday to Friday<\/span><\/h6><h6><span style=\"color: #000000;\">9am - 12pm \/ 2pm - 6pm<\/span><br \/><span style=\"color: #000000;\">\u2022<\/span><br \/><span style=\"color: #000000;\">Siret number :  85139001300015<\/span><\/h6><\/div><\/div><\/div><\/div><\/div>\n\t\t\t\t<\/div>\n\t\t\t\t<\/div>\n\t\t\t\t\t\t<\/div>\n\t\t\t\t\t<\/div>\n\t\t<\/div>\n\t\t\t\t\t\t\t\t<\/div>\n\t\t\t\t\t<\/div>\n\t\t<\/section>\n\t\t\t\t<section class=\"elementor-section elementor-top-section elementor-element elementor-element-b085410 elementor-section-boxed elementor-section-height-default elementor-section-height-default\" data-id=\"b085410\" data-element_type=\"section\">\n\t\t\t\t\t\t<div class=\"elementor-container elementor-column-gap-default\">\n\t\t\t\t\t\t\t<div class=\"elementor-row\">\n\t\t\t\t\t<div class=\"elementor-column elementor-col-16 elementor-top-column elementor-element elementor-element-78ba0d8\" data-id=\"78ba0d8\" data-element_type=\"column\">\n\t\t\t<div class=\"elementor-column-wrap\">\n\t\t\t\t\t\t\t<div class=\"elementor-widget-wrap\">\n\t\t\t\t\t\t\t\t<\/div>\n\t\t\t\t\t<\/div>\n\t\t<\/div>\n\t\t\t\t<div class=\"elementor-column elementor-col-66 elementor-top-column elementor-element elementor-element-af9d88c\" data-id=\"af9d88c\" data-element_type=\"column\">\n\t\t\t<div class=\"elementor-column-wrap elementor-element-populated\">\n\t\t\t\t\t\t\t<div class=\"elementor-widget-wrap\">\n\t\t\t\t\t\t<div class=\"elementor-element elementor-element-7a292c5 elementor-widget elementor-widget-text-editor\" data-id=\"7a292c5\" data-element_type=\"widget\" data-widget_type=\"text-editor.default\">\n\t\t\t\t<div class=\"elementor-widget-container\">\n\t\t\t\t\t<div class=\"elementor-text-editor elementor-clearfix\"><p><div style=\"display:none\" class=\"fm-form-container fm-theme1\"><div id=\"fm-pages3\" class=\"fm-pages wdform_page_navigation\" show_title=\"\" show_numbers=\"1\" type=\"none\"><\/div><form name=\"form3\" action=\"\/en\/wp-json\/wp\/v2\/pages\/114\" method=\"post\" id=\"form3\" class=\"fm-form form3\" enctype=\"multipart\/form-data\" data-trp-original-action=\"\/en\/wp-json\/wp\/v2\/pages\/114\"><input type=\"hidden\" id=\"counter3\" value=\"6\" name=\"counter3\" \/><input type=\"hidden\" id=\"Itemid3\" value=\"\" name=\"Itemid3\" \/><input type=\"text\" class=\"fm-hide\" id=\"fm_bot_validation3\" value=\"\" name=\"fm_bot_validation3\" \/><input type=\"text\" class=\"fm-hide\" id=\"fm_empty_field_validation3\" value=\"\" name=\"fm_empty_field_validation3\" data-value=\"4e296292215c80ed12f15cb303150542\" \/><input type=\"hidden\" id=\"fm_form_nonce3\" name=\"fm_form_nonce3\" value=\"996b7b7bc9\" \/><input type=\"hidden\" name=\"_wp_http_referer\" value=\"\/en\/wp-json\/wp\/v2\/pages\/114\" \/><div class=\"fm-header-bg\"><div class=\"fm-header\"><div class=\"fm-header-text\">          <div class=\"fm-header-title\">            Contact us          <\/div>          <div class=\"fm-header-description\">            You may contact us by filling in this form any time you need professional support or have any questions. You can also fill in the form to leave your comments or feedback.&nbsp;          <\/div>        <\/div><\/div><\/div><div class=\"wdform-page-and-images fm-form-builder\"><div id=\"3form_view1\" class=\"wdform_page\" page_title=\"Untitled page\" next_title=\"Next\" next_type=\"text\" next_class=\"wdform-page-button\" next_checkable=\"true\" previous_title=\"Previous\" previous_type=\"text\" previous_class=\"wdform-page-button\" previous_checkable=\"false\"><div class=\"wdform_section\"><div class=\"wdform_column\"><div wdid=\"2\" class=\"wdform_row\"><div type=\"type_text\" class=\"wdform-field wd-width-100 wd-flex wd-flex-column\"><div class=\"wdform-label-section wd-width-100  wd-flex-row wd-align-items-center\">    <label  for=\"wdform_2_element3\" class=\"wdform-label\">Name<\/label><span class=\"wdform-required\">*<\/span><\/div><div class=\"wdform-element-section wd-flex  wd-flex-row wd-align-items-center wd-width-100\" ><input type=\"text\"                           class=\"wd-width-100\"                           id=\"wdform_2_element3\"                           name=\"wdform_2_element3\"                           value=\"\"                           title=\"\"                           placeholder=\"\"                                                       \/><\/div><\/div><\/div><\/div><div class=\"wdform_column\"><div wdid=\"3\" class=\"wdform_row\"><div type=\"type_submitter_mail\" class=\"wdform-field wd-width-100 wd-flex wd-flex-column\"><div class=\"wdform-label-section wd-width-100  wd-flex-row\">    <label  for=\"wdform_3_element3\" class=\"wdform-label\">Email<\/label><span class=\"wdform-required\">*<\/span><\/div><div class=\"wdform-element-section wd-flex  wd-flex-row wd-width-100\" ><input type=\"text\" class=\"wd-width-100\" id=\"wdform_3_element3\" name=\"wdform_3_element3\" value=\"\" title=\"\" placeholder=\"\"   onchange=\"wd_check_email('3', '3', 'This is not a valid email address.')\" \/><\/div><\/div><\/div><\/div><div class=\"wdform_column\"><div wdid=\"4\" class=\"wdform_row\"><div type=\"type_text\" class=\"wdform-field wd-width-100 wd-flex wd-flex-column\"><div class=\"wdform-label-section wd-width-100  wd-flex-row wd-align-items-center\">    <label  for=\"wdform_4_element3\" class=\"wdform-label\">Subject<\/label><span class=\"wdform-required\">*<\/span><\/div><div class=\"wdform-element-section wd-flex  wd-flex-row wd-align-items-center wd-width-100\" ><input type=\"text\"                           class=\"wd-width-100\"                           id=\"wdform_4_element3\"                           name=\"wdform_4_element3\"                           value=\"\"                           title=\"\"                           placeholder=\"\"                                                       \/><\/div><\/div><\/div><\/div><div class=\"wdform_column\"><div wdid=\"5\" class=\"wdform_row\"><div type=\"type_textarea\" class=\"wdform-field wd-width-100 wd-flex wd-flex-column\"><div class=\"wdform-label-section wd-width-100\">    <label  for=\"wdform_5_element3\" class=\"wdform-label\">Message<\/label><span class=\"wdform-required\">*<\/span><\/div><div class=\"wdform-element-section wd-flex  wd-width-100\" ><textarea class=\"wd-width-100\"                      id=\"wdform_5_element3\"                      name=\"wdform_5_element3\"                      placeholder=\"\"                      style=\"height: 100px;\"                      ><\/textarea><\/div><\/div><\/div><\/div><div class=\"wdform_column\"><div wdid=\"1\" class=\"wdform_row\"><div type=\"type_submit_reset\" class=\"wdform-field wd-width-100 wd-flex wd-flex-column\"><div class=\"wdform-element-section wd-flex  wd-flex-row wd-justify-content-left wd-width-100\" ><button  type=\"button\" class=\"button-submit\" onclick=\"fm_submit_form('3');\"  data-ajax=\"0\"><span class=\"fm-submit-loading spinner fm-ico-spinner\"><\/span>Submit<\/button><button  type=\"button\" class=\"button-reset wd-hidden\" onclick=\"fm_reset_form(3);\" >Reset<\/button><\/div><\/div><\/div><\/div><\/div><div valign=\"top\" class=\"wdform_footer wd-width-100\"><div class=\"wd-width-100\"><div class=\"wd-width-100 wd-table\" style=\"padding-top:10px;\"><div class=\"wd-table-group\"><div id=\"3page_nav1\" class=\"wd-table-row\"><\/div><\/div><\/div><\/div><\/div><\/div><\/div><div class=\"wdform_preload\"><\/div><input type=\"hidden\" name=\"trp-form-language\" value=\"en\"\/><\/form><\/div><\/p><p>\u00a0<\/p><\/div>\n\t\t\t\t<\/div>\n\t\t\t\t<\/div>\n\t\t\t\t\t\t<\/div>\n\t\t\t\t\t<\/div>\n\t\t<\/div>\n\t\t\t\t<div class=\"elementor-column elementor-col-16 elementor-top-column elementor-element elementor-element-f929e45\" data-id=\"f929e45\" data-element_type=\"column\">\n\t\t\t<div class=\"elementor-column-wrap\">\n\t\t\t\t\t\t\t<div class=\"elementor-widget-wrap\">\n\t\t\t\t\t\t\t\t<\/div>\n\t\t\t\t\t<\/div>\n\t\t<\/div>\n\t\t\t\t\t\t\t\t<\/div>\n\t\t\t\t\t<\/div>\n\t\t<\/section>\n\t\t\t\t\t\t<\/div>\n\t\t\t\t\t\t<\/div>\n\t\t\t\t\t<\/div>","protected":false},"excerpt":{"rendered":"<p>Notre travail Un nouveau style de travail dans le monde des affaires ! L\u2019id\u00e9e de cr\u00e9er cette entreprise est le r\u00e9sultat d\u2019un travail dans diff\u00e9rentes entreprises, pays et cultures. Notre objectif est de fournir des services commerciaux, de d\u00e9velopper des relations commerciales entre ces diff\u00e9rentes soci\u00e9t\u00e9s et de cr\u00e9er de nouvelles opportunit\u00e9s d\u2019investissement au niveau&hellip; <br \/> <a class=\"read-more\" href=\"https:\/\/francebusiness.net\/en\/\">Read more<\/a><\/p>","protected":false},"author":1,"featured_media":0,"parent":0,"menu_order":0,"comment_status":"closed","ping_status":"closed","template":"","meta":[],"yoast_head":"<!-- This site is optimized with the Yoast SEO plugin v16.0.2 - https:\/\/yoast.com\/wordpress\/plugins\/seo\/ -->\n<title>Accueil - France Business<\/title>\n<link rel=\"canonical\" href=\"https:\/\/francebusiness.net\/en\/\" \/>\n<meta property=\"og:locale\" content=\"en_GB\" \/>\n<meta property=\"og:type\" content=\"article\" \/>\n<meta property=\"og:title\" content=\"Accueil - France Business\" \/>\n<meta property=\"og:description\" content=\"Notre travail Un nouveau style de travail dans le monde des affaires ! L\u2019id\u00e9e de cr\u00e9er cette entreprise est le r\u00e9sultat d\u2019un travail dans diff\u00e9rentes entreprises, pays et cultures. Notre objectif est de fournir des services commerciaux, de d\u00e9velopper des relations commerciales entre ces diff\u00e9rentes soci\u00e9t\u00e9s et de cr\u00e9er de nouvelles opportunit\u00e9s d\u2019investissement au niveau&hellip; Read more\" \/>\n<meta property=\"og:url\" content=\"https:\/\/francebusiness.net\/en\/\" \/>\n<meta property=\"og:site_name\" content=\"France Business\" \/>\n<meta property=\"article:modified_time\" content=\"2021-07-27T08:24:26+00:00\" \/>\n<meta property=\"og:image\" content=\"https:\/\/francebusiness.net\/wp-content\/uploads\/2019\/10\/cropped-gestion-commerciale-2.jpg\" \/>\n<meta name=\"twitter:card\" content=\"summary_large_image\" \/>\n<meta name=\"twitter:label1\" content=\"Estimated reading time\">\n\t<meta name=\"twitter:data1\" content=\"2 minutes\">\n<script type=\"application\/ld+json\" class=\"yoast-schema-graph\">{\"@context\":\"https:\/\/schema.org\",\"@graph\":[{\"@type\":\"WebSite\",\"@id\":\"https:\/\/francebusiness.net\/#website\",\"url\":\"https:\/\/francebusiness.net\/\",\"name\":\"France Business\",\"description\":\"\",\"potentialAction\":[{\"@type\":\"SearchAction\",\"target\":\"https:\/\/francebusiness.net\/?s={search_term_string}\",\"query-input\":\"required name=search_term_string\"}],\"inLanguage\":\"en-GB\"},{\"@type\":\"ImageObject\",\"@id\":\"https:\/\/francebusiness.net\/#primaryimage\",\"inLanguage\":\"en-GB\",\"url\":\"https:\/\/francebusiness.net\/wp-content\/uploads\/2019\/10\/cropped-gestion-commerciale-2.jpg\",\"width\":592,\"height\":316},{\"@type\":\"WebPage\",\"@id\":\"https:\/\/francebusiness.net\/#webpage\",\"url\":\"https:\/\/francebusiness.net\/\",\"name\":\"Accueil - France Business\",\"isPartOf\":{\"@id\":\"https:\/\/francebusiness.net\/#website\"},\"primaryImageOfPage\":{\"@id\":\"https:\/\/francebusiness.net\/#primaryimage\"},\"datePublished\":\"2019-11-01T17:33:57+00:00\",\"dateModified\":\"2021-07-27T08:24:26+00:00\",\"breadcrumb\":{\"@id\":\"https:\/\/francebusiness.net\/#breadcrumb\"},\"inLanguage\":\"en-GB\",\"potentialAction\":[{\"@type\":\"ReadAction\",\"target\":[\"https:\/\/francebusiness.net\/\"]}]},{\"@type\":\"BreadcrumbList\",\"@id\":\"https:\/\/francebusiness.net\/#breadcrumb\",\"itemListElement\":[{\"@type\":\"ListItem\",\"position\":1,\"item\":{\"@type\":\"WebPage\",\"@id\":\"https:\/\/francebusiness.net\/\",\"url\":\"https:\/\/francebusiness.net\/\",\"name\":\"Home\"}},{\"@type\":\"ListItem\",\"position\":2,\"item\":{\"@type\":\"WebPage\",\"@id\":\"https:\/\/francebusiness.net\/\",\"url\":\"https:\/\/francebusiness.net\/\",\"name\":\"Accueil\"}}]}]}<\/script>\n<!-- \/ Yoast SEO plugin. -->","_links":{"self":[{"href":"https:\/\/francebusiness.net\/en\/wp-json\/wp\/v2\/pages\/114"}],"collection":[{"href":"https:\/\/francebusiness.net\/en\/wp-json\/wp\/v2\/pages"}],"about":[{"href":"https:\/\/francebusiness.net\/en\/wp-json\/wp\/v2\/types\/page"}],"author":[{"embeddable":true,"href":"https:\/\/francebusiness.net\/en\/wp-json\/wp\/v2\/users\/1"}],"replies":[{"embeddable":true,"href":"https:\/\/francebusiness.net\/en\/wp-json\/wp\/v2\/comments?post=114"}],"version-history":[{"count":224,"href":"https:\/\/francebusiness.net\/en\/wp-json\/wp\/v2\/pages\/114\/revisions"}],"predecessor-version":[{"id":524,"href":"https:\/\/francebusiness.net\/en\/wp-json\/wp\/v2\/pages\/114\/revisions\/524"}],"wp:attachment":[{"href":"https:\/\/francebusiness.net\/en\/wp-json\/wp\/v2\/media?parent=114"}],"curies":[{"name":"wp","href":"https:\/\/api.w.org\/{rel}","templated":true}]}}